{"id":98,"date":"2020-08-28T10:30:18","date_gmt":"2020-08-28T10:30:18","guid":{"rendered":"https:\/\/vilcar.ee\/pood\/?post_type=product&#038;p=98"},"modified":"2020-08-28T10:40:41","modified_gmt":"2020-08-28T10:40:41","slug":"naomaskid-50tk","status":"publish","type":"product","link":"https:\/\/vilcar.ee\/pood\/tooted\/naomaskid-50tk\/","title":{"rendered":"N\u00e4omaskid, 50tk"},"content":{"rendered":"","protected":false},"excerpt":{"rendered":"<p>3-kihiline, Pol\u00fcprop\u00fcleenist (PP) mittekootud kangas<\/p>\n","protected":false},"featured_media":99,"comment_status":"open","ping_status":"closed","template":"","meta":[],"class_list":["post-98","product","type-product","status-publish","has-post-thumbnail","hentry","product_cat-ohutus","align-left","box-shadow-0","box-shadow-2-hover","ast-product-gallery-layout-horizontal","ast-product-gallery-with-no-image","ast-product-tabs-layout-horizontal"],"yoast_head":"<!-- This site is optimized with the Yoast SEO plugin v14.9 - https:\/\/yoast.com\/wordpress\/plugins\/seo\/ -->\n<title>N\u00e4omaskid, 50tk - Vilcar Auto<\/title>\n<meta name=\"robots\" content=\"index, follow, max-snippet:-1, max-image-preview:large, max-video-preview:-1\" \/>\n<link rel=\"canonical\" href=\"https:\/\/vilcar.ee\/pood\/tooted\/naomaskid-50tk\/\" \/>\n<meta property=\"og:locale\" content=\"et_EE\" \/>\n<meta property=\"og:type\" content=\"article\" \/>\n<meta property=\"og:title\" content=\"N\u00e4omaskid, 50tk - Vilcar Auto\" \/>\n<meta property=\"og:description\" content=\"3-kihiline, Pol\u00fcprop\u00fcleenist (PP) mittekootud kangas\" \/>\n<meta property=\"og:url\" content=\"https:\/\/vilcar.ee\/pood\/tooted\/naomaskid-50tk\/\" \/>\n<meta property=\"og:site_name\" content=\"Vilcar Auto\" \/>\n<meta property=\"article:modified_time\" content=\"2020-08-28T10:40:41+00:00\" \/>\n<meta property=\"og:image\" content=\"https:\/\/vilcar.ee\/pood\/wp-content\/uploads\/2020\/08\/il_340x270.2299063753_6d1a.jpg\" \/>\n\t<meta property=\"og:image:width\" content=\"340\" \/>\n\t<meta property=\"og:image:height\" content=\"270\" \/>\n<meta name=\"twitter:card\" content=\"summary_large_image\" \/>\n<script type=\"application\/ld+json\" class=\"yoast-schema-graph\">{\"@context\":\"https:\/\/schema.org\",\"@graph\":[{\"@type\":\"WebSite\",\"@id\":\"https:\/\/vilcar.ee\/pood\/#website\",\"url\":\"https:\/\/vilcar.ee\/pood\/\",\"name\":\"Vilcar Auto\",\"description\":\"veebipood\",\"potentialAction\":[{\"@type\":\"SearchAction\",\"target\":\"https:\/\/vilcar.ee\/pood\/?s={search_term_string}\",\"query-input\":\"required name=search_term_string\"}],\"inLanguage\":\"et\"},{\"@type\":\"ImageObject\",\"@id\":\"https:\/\/vilcar.ee\/pood\/tooted\/naomaskid-50tk\/#primaryimage\",\"inLanguage\":\"et\",\"url\":\"https:\/\/vilcar.ee\/pood\/wp-content\/uploads\/2020\/08\/il_340x270.2299063753_6d1a.jpg\",\"width\":340,\"height\":270},{\"@type\":\"WebPage\",\"@id\":\"https:\/\/vilcar.ee\/pood\/tooted\/naomaskid-50tk\/#webpage\",\"url\":\"https:\/\/vilcar.ee\/pood\/tooted\/naomaskid-50tk\/\",\"name\":\"N\\u00e4omaskid, 50tk - Vilcar Auto\",\"isPartOf\":{\"@id\":\"https:\/\/vilcar.ee\/pood\/#website\"},\"primaryImageOfPage\":{\"@id\":\"https:\/\/vilcar.ee\/pood\/tooted\/naomaskid-50tk\/#primaryimage\"},\"datePublished\":\"2020-08-28T10:30:18+00:00\",\"dateModified\":\"2020-08-28T10:40:41+00:00\",\"inLanguage\":\"et\",\"potentialAction\":[{\"@type\":\"ReadAction\",\"target\":[\"https:\/\/vilcar.ee\/pood\/tooted\/naomaskid-50tk\/\"]}]}]}<\/script>\n<!-- \/ Yoast SEO plugin. -->","_links":{"self":[{"href":"https:\/\/vilcar.ee\/pood\/wp-json\/wp\/v2\/product\/98","targetHints":{"allow":["GET"]}}],"collection":[{"href":"https:\/\/vilcar.ee\/pood\/wp-json\/wp\/v2\/product"}],"about":[{"href":"https:\/\/vilcar.ee\/pood\/wp-json\/wp\/v2\/types\/product"}],"replies":[{"embeddable":true,"href":"https:\/\/vilcar.ee\/pood\/wp-json\/wp\/v2\/comments?post=98"}],"wp:featuredmedia":[{"embeddable":true,"href":"https:\/\/vilcar.ee\/pood\/wp-json\/wp\/v2\/media\/99"}],"wp:attachment":[{"href":"https:\/\/vilcar.ee\/pood\/wp-json\/wp\/v2\/media?parent=98"}],"curies":[{"name":"wp","href":"https:\/\/api.w.org\/{rel}","templated":true}]}}