{"id":317,"date":"2020-09-13T19:54:35","date_gmt":"2020-09-13T19:54:35","guid":{"rendered":"https:\/\/vilcar.ee\/pood\/?post_type=product&#038;p=317"},"modified":"2020-09-13T19:54:35","modified_gmt":"2020-09-13T19:54:35","slug":"fly-racing-kinetic-k221-kindad","status":"publish","type":"product","link":"https:\/\/vilcar.ee\/pood\/tooted\/fly-racing-kinetic-k221-kindad\/","title":{"rendered":"Fly Racing Kinetic K221 Kindad"},"content":{"rendered":"","protected":false},"excerpt":{"rendered":"<p><span style=\"font-weight: 400\">Minimalistlik, piiramatu kaitse ja haardega kinnas, mis ei vea sind kunagi alt. Kaitsev ja mugava istuvusega, mis sobib ideaalselt igale s\u00f5idustiilile.<\/span><\/p>\n<p><span style=\"font-weight: 400\">Pehme ja paindlik kinnas, mis tagab \u00f5huliikuvuse, et hoida \u00e4ra niiskuse teket. Topeltkaitse peopesas ja p\u00f6idlal, et tagada maksimaalne turvalisus. S\u00f5rmeotsi katab silikoon, et hoida haarduvust s\u00f5ites.\u00a0<\/span><\/p>\n","protected":false},"featured_media":318,"comment_status":"open","ping_status":"closed","template":"","meta":[],"class_list":["post-317","product","type-product","status-publish","has-post-thumbnail","hentry","product_cat-kindad","product_cat-krossivarustus","align-left","box-shadow-0","box-shadow-2-hover","ast-product-gallery-layout-horizontal","ast-product-tabs-layout-horizontal"],"yoast_head":"<!-- This site is optimized with the Yoast SEO plugin v14.9 - https:\/\/yoast.com\/wordpress\/plugins\/seo\/ -->\n<title>Fly Racing Kinetic K221 Kindad - Vilcar Auto<\/title>\n<meta name=\"description\" content=\"Fly Racing Kinetic K221 Kindad. Minimalistlik, piiramatu kaitse ja haardega kinnas, mis ei vea sind kunagi alt.\" \/>\n<meta name=\"robots\" content=\"index, follow, max-snippet:-1, max-image-preview:large, max-video-preview:-1\" \/>\n<link rel=\"canonical\" href=\"https:\/\/vilcar.ee\/pood\/tooted\/fly-racing-kinetic-k221-kindad\/\" \/>\n<meta property=\"og:locale\" content=\"et_EE\" \/>\n<meta property=\"og:type\" content=\"article\" \/>\n<meta property=\"og:title\" content=\"Fly Racing Kinetic K221 Kindad - Vilcar Auto\" \/>\n<meta property=\"og:description\" content=\"Fly Racing Kinetic K221 Kindad. Minimalistlik, piiramatu kaitse ja haardega kinnas, mis ei vea sind kunagi alt.\" \/>\n<meta property=\"og:url\" content=\"https:\/\/vilcar.ee\/pood\/tooted\/fly-racing-kinetic-k221-kindad\/\" \/>\n<meta property=\"og:site_name\" content=\"Vilcar Auto\" \/>\n<meta property=\"og:image\" content=\"https:\/\/vilcar.ee\/pood\/wp-content\/uploads\/2020\/09\/kinetic221blackgray.jpg\" \/>\n\t<meta property=\"og:image:width\" content=\"1000\" \/>\n\t<meta property=\"og:image:height\" content=\"1000\" \/>\n<meta name=\"twitter:card\" content=\"summary_large_image\" \/>\n<script type=\"application\/ld+json\" class=\"yoast-schema-graph\">{\"@context\":\"https:\/\/schema.org\",\"@graph\":[{\"@type\":\"WebSite\",\"@id\":\"https:\/\/vilcar.ee\/pood\/#website\",\"url\":\"https:\/\/vilcar.ee\/pood\/\",\"name\":\"Vilcar Auto\",\"description\":\"veebipood\",\"potentialAction\":[{\"@type\":\"SearchAction\",\"target\":\"https:\/\/vilcar.ee\/pood\/?s={search_term_string}\",\"query-input\":\"required name=search_term_string\"}],\"inLanguage\":\"et\"},{\"@type\":\"ImageObject\",\"@id\":\"https:\/\/vilcar.ee\/pood\/tooted\/fly-racing-kinetic-k221-kindad\/#primaryimage\",\"inLanguage\":\"et\",\"url\":\"https:\/\/vilcar.ee\/pood\/wp-content\/uploads\/2020\/09\/kinetic221blackgray.jpg\",\"width\":1000,\"height\":1000,\"caption\":\"Fly Racing Kinetic K221 Kindad\"},{\"@type\":\"WebPage\",\"@id\":\"https:\/\/vilcar.ee\/pood\/tooted\/fly-racing-kinetic-k221-kindad\/#webpage\",\"url\":\"https:\/\/vilcar.ee\/pood\/tooted\/fly-racing-kinetic-k221-kindad\/\",\"name\":\"Fly Racing Kinetic K221 Kindad - Vilcar Auto\",\"isPartOf\":{\"@id\":\"https:\/\/vilcar.ee\/pood\/#website\"},\"primaryImageOfPage\":{\"@id\":\"https:\/\/vilcar.ee\/pood\/tooted\/fly-racing-kinetic-k221-kindad\/#primaryimage\"},\"datePublished\":\"2020-09-13T19:54:35+00:00\",\"dateModified\":\"2020-09-13T19:54:35+00:00\",\"description\":\"Fly Racing Kinetic K221 Kindad. Minimalistlik, piiramatu kaitse ja haardega kinnas, mis ei vea sind kunagi alt.\",\"inLanguage\":\"et\",\"potentialAction\":[{\"@type\":\"ReadAction\",\"target\":[\"https:\/\/vilcar.ee\/pood\/tooted\/fly-racing-kinetic-k221-kindad\/\"]}]}]}<\/script>\n<!-- \/ Yoast SEO plugin. -->","_links":{"self":[{"href":"https:\/\/vilcar.ee\/pood\/wp-json\/wp\/v2\/product\/317","targetHints":{"allow":["GET"]}}],"collection":[{"href":"https:\/\/vilcar.ee\/pood\/wp-json\/wp\/v2\/product"}],"about":[{"href":"https:\/\/vilcar.ee\/pood\/wp-json\/wp\/v2\/types\/product"}],"replies":[{"embeddable":true,"href":"https:\/\/vilcar.ee\/pood\/wp-json\/wp\/v2\/comments?post=317"}],"wp:featuredmedia":[{"embeddable":true,"href":"https:\/\/vilcar.ee\/pood\/wp-json\/wp\/v2\/media\/318"}],"wp:attachment":[{"href":"https:\/\/vilcar.ee\/pood\/wp-json\/wp\/v2\/media?parent=317"}],"curies":[{"name":"wp","href":"https:\/\/api.w.org\/{rel}","templated":true}]}}