{"id":305,"date":"2020-09-13T19:36:04","date_gmt":"2020-09-13T19:36:04","guid":{"rendered":"https:\/\/vilcar.ee\/pood\/?post_type=product&#038;p=305"},"modified":"2020-09-14T12:50:58","modified_gmt":"2020-09-14T12:50:58","slug":"fly-racing-f-16-2021-sark","status":"publish","type":"product","link":"https:\/\/vilcar.ee\/pood\/tooted\/fly-racing-f-16-2021-sark\/","title":{"rendered":"Fly Racing F-16 2021 S\u00e4rk"},"content":{"rendered":"","protected":false},"excerpt":{"rendered":"<p>Fly Racing F-16 s\u00e4rki tehes on r\u00f5hku pandud mugavusele.<\/p>\n<p>Disainitud pehmest ja kergest pol\u00fcmeerist, tagades rajal maksimaalse mugavuse.<\/p>\n<p>Elastsed pehmendused s\u00e4rgis aitavad ennetada vigastusi ja pehme spordikrae aitab \u00e4ra hoida h\u00f5\u00f5rumist.<\/p>\n","protected":false},"featured_media":306,"comment_status":"open","ping_status":"closed","template":"","meta":[],"class_list":["post-305","product","type-product","status-publish","has-post-thumbnail","hentry","product_cat-krossivarustus","product_cat-sargid","align-left","box-shadow-0","box-shadow-2-hover","ast-product-gallery-layout-horizontal","ast-product-tabs-layout-horizontal"],"yoast_head":"<!-- This site is optimized with the Yoast SEO plugin v14.9 - https:\/\/yoast.com\/wordpress\/plugins\/seo\/ -->\n<title>Fly Racing F-16 2021 S\u00e4rk - Vilcar Auto<\/title>\n<meta name=\"description\" content=\"Fly Racing F-16 2021 S\u00e4rk. S\u00e4rki tehes on r\u00f5hku pandud mugavusele. Disainitud pehmest ja kergest pol\u00fcmeerist, tagades maksimaalse mugavuse.\" \/>\n<meta name=\"robots\" content=\"index, follow, max-snippet:-1, max-image-preview:large, max-video-preview:-1\" \/>\n<link rel=\"canonical\" href=\"https:\/\/vilcar.ee\/pood\/tooted\/fly-racing-f-16-2021-sark\/\" \/>\n<meta property=\"og:locale\" content=\"et_EE\" \/>\n<meta property=\"og:type\" content=\"article\" \/>\n<meta property=\"og:title\" content=\"Fly Racing F-16 2021 S\u00e4rk - Vilcar Auto\" \/>\n<meta property=\"og:description\" content=\"Fly Racing F-16 2021 S\u00e4rk. S\u00e4rki tehes on r\u00f5hku pandud mugavusele. Disainitud pehmest ja kergest pol\u00fcmeerist, tagades maksimaalse mugavuse.\" \/>\n<meta property=\"og:url\" content=\"https:\/\/vilcar.ee\/pood\/tooted\/fly-racing-f-16-2021-sark\/\" \/>\n<meta property=\"og:site_name\" content=\"Vilcar Auto\" \/>\n<meta property=\"article:modified_time\" content=\"2020-09-14T12:50:58+00:00\" \/>\n<meta property=\"og:image\" content=\"https:\/\/vilcar.ee\/pood\/wp-content\/uploads\/2020\/09\/fly-racing-f-16-2021-black.jpg\" \/>\n\t<meta property=\"og:image:width\" content=\"900\" \/>\n\t<meta property=\"og:image:height\" content=\"900\" \/>\n<meta name=\"twitter:card\" content=\"summary_large_image\" \/>\n<script type=\"application\/ld+json\" class=\"yoast-schema-graph\">{\"@context\":\"https:\/\/schema.org\",\"@graph\":[{\"@type\":\"WebSite\",\"@id\":\"https:\/\/vilcar.ee\/pood\/#website\",\"url\":\"https:\/\/vilcar.ee\/pood\/\",\"name\":\"Vilcar Auto\",\"description\":\"veebipood\",\"potentialAction\":[{\"@type\":\"SearchAction\",\"target\":\"https:\/\/vilcar.ee\/pood\/?s={search_term_string}\",\"query-input\":\"required name=search_term_string\"}],\"inLanguage\":\"et\"},{\"@type\":\"ImageObject\",\"@id\":\"https:\/\/vilcar.ee\/pood\/tooted\/fly-racing-f-16-2021-sark\/#primaryimage\",\"inLanguage\":\"et\",\"url\":\"https:\/\/vilcar.ee\/pood\/wp-content\/uploads\/2020\/09\/fly-racing-f-16-2021-black.jpg\",\"width\":900,\"height\":900,\"caption\":\"Fly Racing F-16 2021 S\\u00e4rk\"},{\"@type\":\"WebPage\",\"@id\":\"https:\/\/vilcar.ee\/pood\/tooted\/fly-racing-f-16-2021-sark\/#webpage\",\"url\":\"https:\/\/vilcar.ee\/pood\/tooted\/fly-racing-f-16-2021-sark\/\",\"name\":\"Fly Racing F-16 2021 S\\u00e4rk - Vilcar Auto\",\"isPartOf\":{\"@id\":\"https:\/\/vilcar.ee\/pood\/#website\"},\"primaryImageOfPage\":{\"@id\":\"https:\/\/vilcar.ee\/pood\/tooted\/fly-racing-f-16-2021-sark\/#primaryimage\"},\"datePublished\":\"2020-09-13T19:36:04+00:00\",\"dateModified\":\"2020-09-14T12:50:58+00:00\",\"description\":\"Fly Racing F-16 2021 S\\u00e4rk. S\\u00e4rki tehes on r\\u00f5hku pandud mugavusele. Disainitud pehmest ja kergest pol\\u00fcmeerist, tagades maksimaalse mugavuse.\",\"inLanguage\":\"et\",\"potentialAction\":[{\"@type\":\"ReadAction\",\"target\":[\"https:\/\/vilcar.ee\/pood\/tooted\/fly-racing-f-16-2021-sark\/\"]}]}]}<\/script>\n<!-- \/ Yoast SEO plugin. -->","_links":{"self":[{"href":"https:\/\/vilcar.ee\/pood\/wp-json\/wp\/v2\/product\/305","targetHints":{"allow":["GET"]}}],"collection":[{"href":"https:\/\/vilcar.ee\/pood\/wp-json\/wp\/v2\/product"}],"about":[{"href":"https:\/\/vilcar.ee\/pood\/wp-json\/wp\/v2\/types\/product"}],"replies":[{"embeddable":true,"href":"https:\/\/vilcar.ee\/pood\/wp-json\/wp\/v2\/comments?post=305"}],"wp:featuredmedia":[{"embeddable":true,"href":"https:\/\/vilcar.ee\/pood\/wp-json\/wp\/v2\/media\/306"}],"wp:attachment":[{"href":"https:\/\/vilcar.ee\/pood\/wp-json\/wp\/v2\/media?parent=305"}],"curies":[{"name":"wp","href":"https:\/\/api.w.org\/{rel}","templated":true}]}}