{"id":299,"date":"2020-09-13T19:19:13","date_gmt":"2020-09-13T19:19:13","guid":{"rendered":"https:\/\/vilcar.ee\/pood\/?post_type=product&#038;p=299"},"modified":"2020-09-14T12:37:44","modified_gmt":"2020-09-14T12:37:44","slug":"alpinestars-tech10-saapad","status":"publish","type":"product","link":"https:\/\/vilcar.ee\/pood\/tooted\/alpinestars-tech10-saapad\/","title":{"rendered":"Alpinestars Tech10 Saapad"},"content":{"rendered":"","protected":false},"excerpt":{"rendered":"<p><span style=\"font-weight: 400;\">Uue disaini ja tehnoloogiaga Alpinestars saabas, mis tagab kergema ja efektiivsema s\u00f5idu. Saabas pakub suurep\u00e4rast kaitset ja p\u00fcsivust jalas. Disainitud, et anda parim s\u00f5idutunnetus.<\/span><\/p>\n<p><span style=\"font-weight: 400;\">Saabas on disainitud ergonoomiliselt, et oleks v\u00f5imalikult lihtne vahetada k\u00e4ike ja kontrollida muid seadmeid. Innovatiivne pandla lukustuss\u00fcsteem, et saabast oleks lihtne jalga panna ja \u00e4ra v\u00f5tta. Laiendatud mikrokiud aitavad \u00e4ra hoida muda ja vee sattumist saapasse. Tugevdatud varbaosa ja siesmine vooderdis aitab jalga hoida turvaliselt \u00fche koha peal. <\/span><\/p>\n","protected":false},"featured_media":301,"comment_status":"open","ping_status":"closed","template":"","meta":[],"class_list":["post-299","product","type-product","status-publish","has-post-thumbnail","hentry","product_cat-krossivarustus","product_cat-saapad","align-left","box-shadow-0","box-shadow-2-hover","ast-product-gallery-layout-horizontal","ast-product-tabs-layout-horizontal"],"yoast_head":"<!-- This site is optimized with the Yoast SEO plugin v14.9 - https:\/\/yoast.com\/wordpress\/plugins\/seo\/ -->\n<title>Alpinestars Tech10 Saapad - Vilcar Auto<\/title>\n<meta name=\"description\" content=\"Alpinestars Tech10 Saapad. Uue disaini ja tehnoloogiaga saabas, mis tagab kergema ja efektiivsema s\u00f5idu.\" \/>\n<meta name=\"robots\" content=\"index, follow, max-snippet:-1, max-image-preview:large, max-video-preview:-1\" \/>\n<link rel=\"canonical\" href=\"https:\/\/vilcar.ee\/pood\/tooted\/alpinestars-tech10-saapad\/\" \/>\n<meta property=\"og:locale\" content=\"et_EE\" \/>\n<meta property=\"og:type\" content=\"article\" \/>\n<meta property=\"og:title\" content=\"Alpinestars Tech10 Saapad - Vilcar Auto\" \/>\n<meta property=\"og:description\" content=\"Alpinestars Tech10 Saapad. Uue disaini ja tehnoloogiaga saabas, mis tagab kergema ja efektiivsema s\u00f5idu.\" \/>\n<meta property=\"og:url\" content=\"https:\/\/vilcar.ee\/pood\/tooted\/alpinestars-tech10-saapad\/\" \/>\n<meta property=\"og:site_name\" content=\"Vilcar Auto\" \/>\n<meta property=\"article:modified_time\" content=\"2020-09-14T12:37:44+00:00\" \/>\n<meta property=\"og:image\" content=\"https:\/\/vilcar.ee\/pood\/wp-content\/uploads\/2020\/09\/alpinestars-tech-10-bootblack.jpg\" \/>\n\t<meta property=\"og:image:width\" content=\"600\" \/>\n\t<meta property=\"og:image:height\" content=\"600\" \/>\n<meta name=\"twitter:card\" content=\"summary_large_image\" \/>\n<script type=\"application\/ld+json\" class=\"yoast-schema-graph\">{\"@context\":\"https:\/\/schema.org\",\"@graph\":[{\"@type\":\"WebSite\",\"@id\":\"https:\/\/vilcar.ee\/pood\/#website\",\"url\":\"https:\/\/vilcar.ee\/pood\/\",\"name\":\"Vilcar Auto\",\"description\":\"veebipood\",\"potentialAction\":[{\"@type\":\"SearchAction\",\"target\":\"https:\/\/vilcar.ee\/pood\/?s={search_term_string}\",\"query-input\":\"required name=search_term_string\"}],\"inLanguage\":\"et\"},{\"@type\":\"ImageObject\",\"@id\":\"https:\/\/vilcar.ee\/pood\/tooted\/alpinestars-tech10-saapad\/#primaryimage\",\"inLanguage\":\"et\",\"url\":\"https:\/\/vilcar.ee\/pood\/wp-content\/uploads\/2020\/09\/alpinestars-tech-10-bootblack.jpg\",\"width\":600,\"height\":600,\"caption\":\"Alpinestars Tech10 Saapad\"},{\"@type\":\"WebPage\",\"@id\":\"https:\/\/vilcar.ee\/pood\/tooted\/alpinestars-tech10-saapad\/#webpage\",\"url\":\"https:\/\/vilcar.ee\/pood\/tooted\/alpinestars-tech10-saapad\/\",\"name\":\"Alpinestars Tech10 Saapad - Vilcar Auto\",\"isPartOf\":{\"@id\":\"https:\/\/vilcar.ee\/pood\/#website\"},\"primaryImageOfPage\":{\"@id\":\"https:\/\/vilcar.ee\/pood\/tooted\/alpinestars-tech10-saapad\/#primaryimage\"},\"datePublished\":\"2020-09-13T19:19:13+00:00\",\"dateModified\":\"2020-09-14T12:37:44+00:00\",\"description\":\"Alpinestars Tech10 Saapad. Uue disaini ja tehnoloogiaga saabas, mis tagab kergema ja efektiivsema s\\u00f5idu.\",\"inLanguage\":\"et\",\"potentialAction\":[{\"@type\":\"ReadAction\",\"target\":[\"https:\/\/vilcar.ee\/pood\/tooted\/alpinestars-tech10-saapad\/\"]}]}]}<\/script>\n<!-- \/ Yoast SEO plugin. -->","_links":{"self":[{"href":"https:\/\/vilcar.ee\/pood\/wp-json\/wp\/v2\/product\/299","targetHints":{"allow":["GET"]}}],"collection":[{"href":"https:\/\/vilcar.ee\/pood\/wp-json\/wp\/v2\/product"}],"about":[{"href":"https:\/\/vilcar.ee\/pood\/wp-json\/wp\/v2\/types\/product"}],"replies":[{"embeddable":true,"href":"https:\/\/vilcar.ee\/pood\/wp-json\/wp\/v2\/comments?post=299"}],"wp:featuredmedia":[{"embeddable":true,"href":"https:\/\/vilcar.ee\/pood\/wp-json\/wp\/v2\/media\/301"}],"wp:attachment":[{"href":"https:\/\/vilcar.ee\/pood\/wp-json\/wp\/v2\/media?parent=299"}],"curies":[{"name":"wp","href":"https:\/\/api.w.org\/{rel}","templated":true}]}}