{"id":289,"date":"2020-09-13T19:01:58","date_gmt":"2020-09-13T19:01:58","guid":{"rendered":"https:\/\/vilcar.ee\/pood\/?post_type=product&#038;p=289"},"modified":"2020-09-14T12:35:52","modified_gmt":"2020-09-14T12:35:52","slug":"fly-racing-maverik-saapad","status":"publish","type":"product","link":"https:\/\/vilcar.ee\/pood\/tooted\/fly-racing-maverik-saapad\/","title":{"rendered":"Fly Racing Maverik Saapad"},"content":{"rendered":"","protected":false},"excerpt":{"rendered":"<p><span style=\"font-weight: 400;\">3D vormitud plastikplaadid koos lisatud soontega tagab mugava istuvuse \u00fcmber jala. Erinevates l\u00fclidest koosnev h\u00fcppeliigese kaitse tagab jala liikumise. Saabas on disainitud v\u00f5imalikult stiilseks ja kergeks, et tagada mugav s\u00f5it. V\u00e4line kummist osa tagab hea haarduvuse ja saapa pika eluea.<\/span><\/p>\n<p><span style=\"font-weight: 400;\">Kohandatavad rihmad on ideaalsed, et paigaldada saabas enda soovide j\u00e4rgi ning on disainitud, et hoida \u00e4ra muda sattumist rihmade vahele.<\/span><\/p>\n","protected":false},"featured_media":293,"comment_status":"open","ping_status":"closed","template":"","meta":[],"class_list":["post-289","product","type-product","status-publish","has-post-thumbnail","hentry","product_cat-krossivarustus","product_cat-saapad","align-left","box-shadow-0","box-shadow-2-hover","ast-product-gallery-layout-horizontal","ast-product-tabs-layout-horizontal"],"yoast_head":"<!-- This site is optimized with the Yoast SEO plugin v14.9 - https:\/\/yoast.com\/wordpress\/plugins\/seo\/ -->\n<title>Fly Racing Maverik Saapad - Vilcar Auto<\/title>\n<meta name=\"description\" content=\"Fly Racing Maverik Saapad. 3D vormitud plastikplaadid koos lisatud soontega tagab mugava istuvuse \u00fcmber jala.\" \/>\n<meta name=\"robots\" content=\"index, follow, max-snippet:-1, max-image-preview:large, max-video-preview:-1\" \/>\n<link rel=\"canonical\" href=\"https:\/\/vilcar.ee\/pood\/tooted\/fly-racing-maverik-saapad\/\" \/>\n<meta property=\"og:locale\" content=\"et_EE\" \/>\n<meta property=\"og:type\" content=\"article\" \/>\n<meta property=\"og:title\" content=\"Fly Racing Maverik Saapad - Vilcar Auto\" \/>\n<meta property=\"og:description\" content=\"Fly Racing Maverik Saapad. 3D vormitud plastikplaadid koos lisatud soontega tagab mugava istuvuse \u00fcmber jala.\" \/>\n<meta property=\"og:url\" content=\"https:\/\/vilcar.ee\/pood\/tooted\/fly-racing-maverik-saapad\/\" \/>\n<meta property=\"og:site_name\" content=\"Vilcar Auto\" \/>\n<meta property=\"article:modified_time\" content=\"2020-09-14T12:35:52+00:00\" \/>\n<meta property=\"og:image\" content=\"https:\/\/vilcar.ee\/pood\/wp-content\/uploads\/2020\/09\/FlyMaverikmust.jpg\" \/>\n\t<meta property=\"og:image:width\" content=\"1200\" \/>\n\t<meta property=\"og:image:height\" content=\"1092\" \/>\n<meta name=\"twitter:card\" content=\"summary_large_image\" \/>\n<script type=\"application\/ld+json\" class=\"yoast-schema-graph\">{\"@context\":\"https:\/\/schema.org\",\"@graph\":[{\"@type\":\"WebSite\",\"@id\":\"https:\/\/vilcar.ee\/pood\/#website\",\"url\":\"https:\/\/vilcar.ee\/pood\/\",\"name\":\"Vilcar Auto\",\"description\":\"veebipood\",\"potentialAction\":[{\"@type\":\"SearchAction\",\"target\":\"https:\/\/vilcar.ee\/pood\/?s={search_term_string}\",\"query-input\":\"required name=search_term_string\"}],\"inLanguage\":\"et\"},{\"@type\":\"ImageObject\",\"@id\":\"https:\/\/vilcar.ee\/pood\/tooted\/fly-racing-maverik-saapad\/#primaryimage\",\"inLanguage\":\"et\",\"url\":\"https:\/\/vilcar.ee\/pood\/wp-content\/uploads\/2020\/09\/FlyMaverikmust.jpg\",\"width\":1200,\"height\":1092,\"caption\":\"Fly Racing Maverik Saapad\"},{\"@type\":\"WebPage\",\"@id\":\"https:\/\/vilcar.ee\/pood\/tooted\/fly-racing-maverik-saapad\/#webpage\",\"url\":\"https:\/\/vilcar.ee\/pood\/tooted\/fly-racing-maverik-saapad\/\",\"name\":\"Fly Racing Maverik Saapad - Vilcar Auto\",\"isPartOf\":{\"@id\":\"https:\/\/vilcar.ee\/pood\/#website\"},\"primaryImageOfPage\":{\"@id\":\"https:\/\/vilcar.ee\/pood\/tooted\/fly-racing-maverik-saapad\/#primaryimage\"},\"datePublished\":\"2020-09-13T19:01:58+00:00\",\"dateModified\":\"2020-09-14T12:35:52+00:00\",\"description\":\"Fly Racing Maverik Saapad. 3D vormitud plastikplaadid koos lisatud soontega tagab mugava istuvuse \\u00fcmber jala.\",\"inLanguage\":\"et\",\"potentialAction\":[{\"@type\":\"ReadAction\",\"target\":[\"https:\/\/vilcar.ee\/pood\/tooted\/fly-racing-maverik-saapad\/\"]}]}]}<\/script>\n<!-- \/ Yoast SEO plugin. -->","_links":{"self":[{"href":"https:\/\/vilcar.ee\/pood\/wp-json\/wp\/v2\/product\/289","targetHints":{"allow":["GET"]}}],"collection":[{"href":"https:\/\/vilcar.ee\/pood\/wp-json\/wp\/v2\/product"}],"about":[{"href":"https:\/\/vilcar.ee\/pood\/wp-json\/wp\/v2\/types\/product"}],"replies":[{"embeddable":true,"href":"https:\/\/vilcar.ee\/pood\/wp-json\/wp\/v2\/comments?post=289"}],"wp:featuredmedia":[{"embeddable":true,"href":"https:\/\/vilcar.ee\/pood\/wp-json\/wp\/v2\/media\/293"}],"wp:attachment":[{"href":"https:\/\/vilcar.ee\/pood\/wp-json\/wp\/v2\/media?parent=289"}],"curies":[{"name":"wp","href":"https:\/\/api.w.org\/{rel}","templated":true}]}}