{"id":272,"date":"2020-09-13T18:16:22","date_gmt":"2020-09-13T18:16:22","guid":{"rendered":"https:\/\/vilcar.ee\/pood\/?post_type=product&#038;p=272"},"modified":"2020-09-14T12:42:39","modified_gmt":"2020-09-14T12:42:39","slug":"alpinestars-racer-tactical-2021-puksid","status":"publish","type":"product","link":"https:\/\/vilcar.ee\/pood\/tooted\/alpinestars-racer-tactical-2021-puksid\/","title":{"rendered":"Alpinestars Racer Tactical 2021 P\u00fcksid"},"content":{"rendered":"","protected":false},"excerpt":{"rendered":"<p><span style=\"font-weight: 400;\">Alpinestars krossip\u00fcksid on v\u00e4ljat\u00f6\u00f6tatud ja testitud k\u00f5ige raskematel maastikel \u00fcle kogu maailma. T\u00e4nu kergele kerele, painduvale madalale v\u00f6\u00f6kohale ja kumeratele jalgadele on see ideaalne mitmetele off-road s\u00f5itudele.<\/span><\/p>\n<p><span style=\"font-weight: 400;\">3D mustri konstruktsioon tagab maksimaalse mugavuse ja painduvuse kogu s\u00f5idu v\u00e4ltel. Ergonoomiline jala konstruktsioon koos sisseehitatud jala paneelidega on vastupidav kuumale ning tagab painduvuse nii puusades kui ka alaseljas. <\/span><\/p>\n","protected":false},"featured_media":273,"comment_status":"open","ping_status":"closed","template":"","meta":[],"class_list":["post-272","product","type-product","status-publish","has-post-thumbnail","hentry","product_cat-krossivarustus","product_cat-puksid","align-left","box-shadow-0","box-shadow-2-hover","ast-product-gallery-layout-horizontal","ast-product-tabs-layout-horizontal"],"yoast_head":"<!-- This site is optimized with the Yoast SEO plugin v14.9 - https:\/\/yoast.com\/wordpress\/plugins\/seo\/ -->\n<title>Alpinestars Racer Tactical 2021 P\u00fcksid - Vilcar Auto<\/title>\n<meta name=\"description\" content=\"Alpinestars Racer Tactical 2021 p\u00fcksid. Alpinestars krossip\u00fcksid on v\u00e4ljat\u00f6\u00f6tatud ja testitud k\u00f5ige raskematel maastikel \u00fcle kogu maailma.\" \/>\n<meta name=\"robots\" content=\"index, follow, max-snippet:-1, max-image-preview:large, max-video-preview:-1\" \/>\n<link rel=\"canonical\" href=\"https:\/\/vilcar.ee\/pood\/tooted\/alpinestars-racer-tactical-2021-puksid\/\" \/>\n<meta property=\"og:locale\" content=\"et_EE\" \/>\n<meta property=\"og:type\" content=\"article\" \/>\n<meta property=\"og:title\" content=\"Alpinestars Racer Tactical 2021 P\u00fcksid - Vilcar Auto\" \/>\n<meta property=\"og:description\" content=\"Alpinestars Racer Tactical 2021 p\u00fcksid. Alpinestars krossip\u00fcksid on v\u00e4ljat\u00f6\u00f6tatud ja testitud k\u00f5ige raskematel maastikel \u00fcle kogu maailma.\" \/>\n<meta property=\"og:url\" content=\"https:\/\/vilcar.ee\/pood\/tooted\/alpinestars-racer-tactical-2021-puksid\/\" \/>\n<meta property=\"og:site_name\" content=\"Vilcar Auto\" \/>\n<meta property=\"article:modified_time\" content=\"2020-09-14T12:42:39+00:00\" \/>\n<meta property=\"og:image\" content=\"https:\/\/vilcar.ee\/pood\/wp-content\/uploads\/2020\/09\/alpinestars_racertactical2021_yellowcamo.jpg\" \/>\n\t<meta property=\"og:image:width\" content=\"800\" \/>\n\t<meta property=\"og:image:height\" content=\"800\" \/>\n<meta name=\"twitter:card\" content=\"summary_large_image\" \/>\n<script type=\"application\/ld+json\" class=\"yoast-schema-graph\">{\"@context\":\"https:\/\/schema.org\",\"@graph\":[{\"@type\":\"WebSite\",\"@id\":\"https:\/\/vilcar.ee\/pood\/#website\",\"url\":\"https:\/\/vilcar.ee\/pood\/\",\"name\":\"Vilcar Auto\",\"description\":\"veebipood\",\"potentialAction\":[{\"@type\":\"SearchAction\",\"target\":\"https:\/\/vilcar.ee\/pood\/?s={search_term_string}\",\"query-input\":\"required name=search_term_string\"}],\"inLanguage\":\"et\"},{\"@type\":\"ImageObject\",\"@id\":\"https:\/\/vilcar.ee\/pood\/tooted\/alpinestars-racer-tactical-2021-puksid\/#primaryimage\",\"inLanguage\":\"et\",\"url\":\"https:\/\/vilcar.ee\/pood\/wp-content\/uploads\/2020\/09\/alpinestars_racertactical2021_yellowcamo.jpg\",\"width\":800,\"height\":800,\"caption\":\"Alpinestars Racer Tactical 2021 p\\u00fcksid\"},{\"@type\":\"WebPage\",\"@id\":\"https:\/\/vilcar.ee\/pood\/tooted\/alpinestars-racer-tactical-2021-puksid\/#webpage\",\"url\":\"https:\/\/vilcar.ee\/pood\/tooted\/alpinestars-racer-tactical-2021-puksid\/\",\"name\":\"Alpinestars Racer Tactical 2021 P\\u00fcksid - Vilcar Auto\",\"isPartOf\":{\"@id\":\"https:\/\/vilcar.ee\/pood\/#website\"},\"primaryImageOfPage\":{\"@id\":\"https:\/\/vilcar.ee\/pood\/tooted\/alpinestars-racer-tactical-2021-puksid\/#primaryimage\"},\"datePublished\":\"2020-09-13T18:16:22+00:00\",\"dateModified\":\"2020-09-14T12:42:39+00:00\",\"description\":\"Alpinestars Racer Tactical 2021 p\\u00fcksid. Alpinestars krossip\\u00fcksid on v\\u00e4ljat\\u00f6\\u00f6tatud ja testitud k\\u00f5ige raskematel maastikel \\u00fcle kogu maailma.\",\"inLanguage\":\"et\",\"potentialAction\":[{\"@type\":\"ReadAction\",\"target\":[\"https:\/\/vilcar.ee\/pood\/tooted\/alpinestars-racer-tactical-2021-puksid\/\"]}]}]}<\/script>\n<!-- \/ Yoast SEO plugin. -->","_links":{"self":[{"href":"https:\/\/vilcar.ee\/pood\/wp-json\/wp\/v2\/product\/272","targetHints":{"allow":["GET"]}}],"collection":[{"href":"https:\/\/vilcar.ee\/pood\/wp-json\/wp\/v2\/product"}],"about":[{"href":"https:\/\/vilcar.ee\/pood\/wp-json\/wp\/v2\/types\/product"}],"replies":[{"embeddable":true,"href":"https:\/\/vilcar.ee\/pood\/wp-json\/wp\/v2\/comments?post=272"}],"wp:featuredmedia":[{"embeddable":true,"href":"https:\/\/vilcar.ee\/pood\/wp-json\/wp\/v2\/media\/273"}],"wp:attachment":[{"href":"https:\/\/vilcar.ee\/pood\/wp-json\/wp\/v2\/media?parent=272"}],"curies":[{"name":"wp","href":"https:\/\/api.w.org\/{rel}","templated":true}]}}