{"id":27,"date":"2020-08-27T15:18:42","date_gmt":"2020-08-27T15:18:42","guid":{"rendered":"https:\/\/vilcar.ee\/pood\/?post_type=product&#038;p=27"},"modified":"2024-03-28T21:11:19","modified_gmt":"2024-03-28T21:11:19","slug":"alpinestarts-supertech-s-m8","status":"publish","type":"product","link":"https:\/\/vilcar.ee\/pood\/tooted\/alpinestarts-supertech-s-m8\/","title":{"rendered":"Alpinestarts Supertech S-M8 Solid"},"content":{"rendered":"<p>At the outset of the MX helmet project, Alpinestars product philosophy was applied and a set of specific objectives set: Create the most advanced, protective and performance enhancing helmet possible. Primary objective: protection \u2013 to create the most high performance protection possible. Secondary objective: to give excellent ventilation, comfort and reduced weight.<\/p>\n<p>Alpinestars approach to the creation of the advanced technology in the Supertech M8 draws on its depth of experience from over half a decade of world class innovation across the spectrum of motorsports and especially, its deep rooted commitment to motocross. As with all other categories of technology that Alpinestars has mastered, bringing a new, highly complex, product to fruition requires specialist experience and know-how and a project plan led by the best brains in protection development.<\/p>\n<p>Hence Alpinestars Helmet Development Department was created and given the brief to research and develop the most protective and most comfortable possible motocross helmet. The goal was to allow riders to push the limits of performance, benefiting from confidence inspiring safety technology, reduced weight distribution to minimise muscular effort in the neck, shoulders and back and improved physiological and cognitive performance with a supremely well fitting and well ventilated construction, optimizing comfort while riding.<\/p>\n<p>The design is coherent to Alpinestars philosophy and shares distinctive themes with other products in the portfolio; a smooth, attractive, profile which is streamlined and free of any external channels and features that might act as a load point in an impact, or compromise the overall integrity of the construction. The surface curvature promotes reduced friction on impact, allowing deflection and the most efficient transfer of energy to protect the rider\u2019s head from direct force to the skull and referred to the neck and spinal column. The aperture is designed to accommodate a wide variety of goggles and the air vents in the shell are located to maximize ventilation efficiency.<\/p>\n<p>The S-M8 shell has been profiled with performance as a priority and with a design style that identifies the profile of the helmet and its sculpted surface as uniquely \u2018Alpinestars\u2019.<\/p>\n","protected":false},"excerpt":{"rendered":"<p>Alpinestars krossikiivri arendusprojekti alguses seati eesm\u00e4rgiks v\u00e4lja t\u00f6\u00f6tada k\u00f5ige kaasaegsem ja turvalisem offroad kiiver. Peamine prioriteet on turvalisus ning teises j\u00e4rgus p\u00f6\u00f6rati t\u00e4helepanu v\u00f5imalikult heale ventilatsioonile, mugavusele ja kergusele.<br \/>\nAlpinestars&#8217;il on aastatepikkune kogemus offroad turvavarustuse tootmisel ja arendamisel ning kiivri projekti kaasati oma ala tipptegijad. Tulemuseks on kiiver, millel on k\u00f5ige kaasaegsemad tehnoloogiad, v\u00f5imalikult madal kaal, et v\u00e4hendada kaelale ja seljale m\u00f5juvaid j\u00f5udusid ning maksimaalne kasutusmugavus ja ventilatsioon.<\/p>\n","protected":false},"featured_media":31,"comment_status":"open","ping_status":"closed","template":"","meta":[],"class_list":["post-27","product","type-product","status-publish","has-post-thumbnail","hentry","product_cat-kiivrid","product_cat-offroad","align-left","box-shadow-0","box-shadow-2-hover","ast-product-gallery-layout-horizontal","ast-product-tabs-layout-horizontal"],"yoast_head":"<!-- This site is optimized with the Yoast SEO plugin v14.9 - https:\/\/yoast.com\/wordpress\/plugins\/seo\/ -->\n<title>Alpinestarts Supertech S-M8 Solid - Vilcar Auto<\/title>\n<meta name=\"description\" content=\"The S-M8 shell has been profiled with performance as a priority and with a design style that identifies the profile of the helmet and its sculpted surface as uniquely \u2018Alpinestars\u2019.\" \/>\n<meta name=\"robots\" content=\"index, follow, max-snippet:-1, max-image-preview:large, max-video-preview:-1\" \/>\n<link rel=\"canonical\" href=\"https:\/\/vilcar.ee\/pood\/tooted\/alpinestarts-supertech-s-m8\/\" \/>\n<meta property=\"og:locale\" content=\"et_EE\" \/>\n<meta property=\"og:type\" content=\"article\" \/>\n<meta property=\"og:title\" content=\"Alpinestarts Supertech S-M8 Solid - Vilcar Auto\" \/>\n<meta property=\"og:description\" content=\"The S-M8 shell has been profiled with performance as a priority and with a design style that identifies the profile of the helmet and its sculpted surface as uniquely \u2018Alpinestars\u2019.\" \/>\n<meta property=\"og:url\" content=\"https:\/\/vilcar.ee\/pood\/tooted\/alpinestarts-supertech-s-m8\/\" \/>\n<meta property=\"og:site_name\" content=\"Vilcar Auto\" \/>\n<meta property=\"article:modified_time\" content=\"2024-03-28T21:11:19+00:00\" \/>\n<meta property=\"og:image\" content=\"https:\/\/vilcar.ee\/pood\/wp-content\/uploads\/2020\/08\/Large-8300519-2180-r3_supertech-s-m8-solid-helmet_1800x1800.jpg\" \/>\n\t<meta property=\"og:image:width\" content=\"1800\" \/>\n\t<meta property=\"og:image:height\" content=\"1800\" \/>\n<meta name=\"twitter:card\" content=\"summary_large_image\" \/>\n<script type=\"application\/ld+json\" class=\"yoast-schema-graph\">{\"@context\":\"https:\/\/schema.org\",\"@graph\":[{\"@type\":\"WebSite\",\"@id\":\"https:\/\/vilcar.ee\/pood\/#website\",\"url\":\"https:\/\/vilcar.ee\/pood\/\",\"name\":\"Vilcar Auto\",\"description\":\"veebipood\",\"potentialAction\":[{\"@type\":\"SearchAction\",\"target\":\"https:\/\/vilcar.ee\/pood\/?s={search_term_string}\",\"query-input\":\"required name=search_term_string\"}],\"inLanguage\":\"et\"},{\"@type\":\"ImageObject\",\"@id\":\"https:\/\/vilcar.ee\/pood\/tooted\/alpinestarts-supertech-s-m8\/#primaryimage\",\"inLanguage\":\"et\",\"url\":\"https:\/\/vilcar.ee\/pood\/wp-content\/uploads\/2020\/08\/Large-8300519-2180-r3_supertech-s-m8-solid-helmet_1800x1800.jpg\",\"width\":1800,\"height\":1800},{\"@type\":\"WebPage\",\"@id\":\"https:\/\/vilcar.ee\/pood\/tooted\/alpinestarts-supertech-s-m8\/#webpage\",\"url\":\"https:\/\/vilcar.ee\/pood\/tooted\/alpinestarts-supertech-s-m8\/\",\"name\":\"Alpinestarts Supertech S-M8 Solid - Vilcar Auto\",\"isPartOf\":{\"@id\":\"https:\/\/vilcar.ee\/pood\/#website\"},\"primaryImageOfPage\":{\"@id\":\"https:\/\/vilcar.ee\/pood\/tooted\/alpinestarts-supertech-s-m8\/#primaryimage\"},\"datePublished\":\"2020-08-27T15:18:42+00:00\",\"dateModified\":\"2024-03-28T21:11:19+00:00\",\"description\":\"The S-M8 shell has been profiled with performance as a priority and with a design style that identifies the profile of the helmet and its sculpted surface as uniquely \\u2018Alpinestars\\u2019.\",\"inLanguage\":\"et\",\"potentialAction\":[{\"@type\":\"ReadAction\",\"target\":[\"https:\/\/vilcar.ee\/pood\/tooted\/alpinestarts-supertech-s-m8\/\"]}]}]}<\/script>\n<!-- \/ Yoast SEO plugin. -->","_links":{"self":[{"href":"https:\/\/vilcar.ee\/pood\/wp-json\/wp\/v2\/product\/27","targetHints":{"allow":["GET"]}}],"collection":[{"href":"https:\/\/vilcar.ee\/pood\/wp-json\/wp\/v2\/product"}],"about":[{"href":"https:\/\/vilcar.ee\/pood\/wp-json\/wp\/v2\/types\/product"}],"replies":[{"embeddable":true,"href":"https:\/\/vilcar.ee\/pood\/wp-json\/wp\/v2\/comments?post=27"}],"wp:featuredmedia":[{"embeddable":true,"href":"https:\/\/vilcar.ee\/pood\/wp-json\/wp\/v2\/media\/31"}],"wp:attachment":[{"href":"https:\/\/vilcar.ee\/pood\/wp-json\/wp\/v2\/media?parent=27"}],"curies":[{"name":"wp","href":"https:\/\/api.w.org\/{rel}","templated":true}]}}