{"id":256,"date":"2020-09-10T11:28:24","date_gmt":"2020-09-10T11:28:24","guid":{"rendered":"https:\/\/vilcar.ee\/pood\/?post_type=product&#038;p=256"},"modified":"2020-09-10T11:29:52","modified_gmt":"2020-09-10T11:29:52","slug":"fly-racing-kinetic-k220-puksid","status":"publish","type":"product","link":"https:\/\/vilcar.ee\/pood\/tooted\/fly-racing-kinetic-k220-puksid\/","title":{"rendered":"Fly Racing Kinetic K220 P\u00fcksid"},"content":{"rendered":"","protected":false},"excerpt":{"rendered":"<p><span style=\"font-weight: 400\">Innovaatiline ja moodsate materjalidega arendatud p\u00fcksid, mis on hinnatud oma usaldusv\u00e4\u00e4rsuse ja maine poolest. Tagab s\u00f5ites maksimaalse sooritus-mugavuse ja hea v\u00e4limuse.<\/span><\/p>\n<p><span style=\"font-weight: 400\">Mugav v\u00f5rgustik \u00fcle p\u00fckste on v\u00e4lja t\u00f6\u00f6tatud mugavuse ja \u00f5huventilatsiooni nimel. Ergonoomiliselt ehitatud p\u00f5lvekaitsmed ja pehme iste garanteerivad kaitse \u00fcmber jalgade ja liikuvuse, mis k\u00e4ib kehaga vabalt kaasas.<\/span><\/p>\n","protected":false},"featured_media":257,"comment_status":"open","ping_status":"closed","template":"","meta":[],"class_list":["post-256","product","type-product","status-publish","has-post-thumbnail","hentry","product_cat-krossivarustus","product_cat-puksid","align-left","box-shadow-0","box-shadow-2-hover","ast-product-gallery-layout-horizontal","ast-product-tabs-layout-horizontal"],"yoast_head":"<!-- This site is optimized with the Yoast SEO plugin v14.9 - https:\/\/yoast.com\/wordpress\/plugins\/seo\/ -->\n<title>Fly Racing Kinetic K220 P\u00fcksid - Vilcar Auto<\/title>\n<meta name=\"description\" content=\"Fly Racing Kinetic K220 P\u00fcksid. Innovaatiline ja moodsate materjalidega arendatud p\u00fcksid, mis on hinnatud oma usaldusv\u00e4\u00e4rsuse poolest.\" \/>\n<meta name=\"robots\" content=\"index, follow, max-snippet:-1, max-image-preview:large, max-video-preview:-1\" \/>\n<link rel=\"canonical\" href=\"https:\/\/vilcar.ee\/pood\/tooted\/fly-racing-kinetic-k220-puksid\/\" \/>\n<meta property=\"og:locale\" content=\"et_EE\" \/>\n<meta property=\"og:type\" content=\"article\" \/>\n<meta property=\"og:title\" content=\"Fly Racing Kinetic K220 P\u00fcksid - Vilcar Auto\" \/>\n<meta property=\"og:description\" content=\"Fly Racing Kinetic K220 P\u00fcksid. Innovaatiline ja moodsate materjalidega arendatud p\u00fcksid, mis on hinnatud oma usaldusv\u00e4\u00e4rsuse poolest.\" \/>\n<meta property=\"og:url\" content=\"https:\/\/vilcar.ee\/pood\/tooted\/fly-racing-kinetic-k220-puksid\/\" \/>\n<meta property=\"og:site_name\" content=\"Vilcar Auto\" \/>\n<meta property=\"article:modified_time\" content=\"2020-09-10T11:29:52+00:00\" \/>\n<meta property=\"og:image\" content=\"https:\/\/vilcar.ee\/pood\/wp-content\/uploads\/2020\/09\/mustkollane.jpg\" \/>\n\t<meta property=\"og:image:width\" content=\"1200\" \/>\n\t<meta property=\"og:image:height\" content=\"960\" \/>\n<meta name=\"twitter:card\" content=\"summary_large_image\" \/>\n<script type=\"application\/ld+json\" class=\"yoast-schema-graph\">{\"@context\":\"https:\/\/schema.org\",\"@graph\":[{\"@type\":\"WebSite\",\"@id\":\"https:\/\/vilcar.ee\/pood\/#website\",\"url\":\"https:\/\/vilcar.ee\/pood\/\",\"name\":\"Vilcar Auto\",\"description\":\"veebipood\",\"potentialAction\":[{\"@type\":\"SearchAction\",\"target\":\"https:\/\/vilcar.ee\/pood\/?s={search_term_string}\",\"query-input\":\"required name=search_term_string\"}],\"inLanguage\":\"et\"},{\"@type\":\"ImageObject\",\"@id\":\"https:\/\/vilcar.ee\/pood\/tooted\/fly-racing-kinetic-k220-puksid\/#primaryimage\",\"inLanguage\":\"et\",\"url\":\"https:\/\/vilcar.ee\/pood\/wp-content\/uploads\/2020\/09\/mustkollane.jpg\",\"width\":1200,\"height\":960,\"caption\":\"Fly Racing Kinetic K220 P\\u00fcksid\"},{\"@type\":\"WebPage\",\"@id\":\"https:\/\/vilcar.ee\/pood\/tooted\/fly-racing-kinetic-k220-puksid\/#webpage\",\"url\":\"https:\/\/vilcar.ee\/pood\/tooted\/fly-racing-kinetic-k220-puksid\/\",\"name\":\"Fly Racing Kinetic K220 P\\u00fcksid - Vilcar Auto\",\"isPartOf\":{\"@id\":\"https:\/\/vilcar.ee\/pood\/#website\"},\"primaryImageOfPage\":{\"@id\":\"https:\/\/vilcar.ee\/pood\/tooted\/fly-racing-kinetic-k220-puksid\/#primaryimage\"},\"datePublished\":\"2020-09-10T11:28:24+00:00\",\"dateModified\":\"2020-09-10T11:29:52+00:00\",\"description\":\"Fly Racing Kinetic K220 P\\u00fcksid. Innovaatiline ja moodsate materjalidega arendatud p\\u00fcksid, mis on hinnatud oma usaldusv\\u00e4\\u00e4rsuse poolest.\",\"inLanguage\":\"et\",\"potentialAction\":[{\"@type\":\"ReadAction\",\"target\":[\"https:\/\/vilcar.ee\/pood\/tooted\/fly-racing-kinetic-k220-puksid\/\"]}]}]}<\/script>\n<!-- \/ Yoast SEO plugin. -->","_links":{"self":[{"href":"https:\/\/vilcar.ee\/pood\/wp-json\/wp\/v2\/product\/256","targetHints":{"allow":["GET"]}}],"collection":[{"href":"https:\/\/vilcar.ee\/pood\/wp-json\/wp\/v2\/product"}],"about":[{"href":"https:\/\/vilcar.ee\/pood\/wp-json\/wp\/v2\/types\/product"}],"replies":[{"embeddable":true,"href":"https:\/\/vilcar.ee\/pood\/wp-json\/wp\/v2\/comments?post=256"}],"wp:featuredmedia":[{"embeddable":true,"href":"https:\/\/vilcar.ee\/pood\/wp-json\/wp\/v2\/media\/257"}],"wp:attachment":[{"href":"https:\/\/vilcar.ee\/pood\/wp-json\/wp\/v2\/media?parent=256"}],"curies":[{"name":"wp","href":"https:\/\/api.w.org\/{rel}","templated":true}]}}