{"id":247,"date":"2020-09-10T10:59:23","date_gmt":"2020-09-10T10:59:23","guid":{"rendered":"https:\/\/vilcar.ee\/pood\/?post_type=product&#038;p=247"},"modified":"2020-09-13T17:32:48","modified_gmt":"2020-09-13T17:32:48","slug":"fly-racer-f-16-2020-puksid","status":"publish","type":"product","link":"https:\/\/vilcar.ee\/pood\/tooted\/fly-racer-f-16-2020-puksid\/","title":{"rendered":"Fly Racer F-16 2020 P\u00fcksid"},"content":{"rendered":"","protected":false},"excerpt":{"rendered":"<p><span style=\"font-weight: 400\">F-16 p\u00fcksid \u00fchendab k\u00f5ik vajaliku, mis kindlustab turvalise ja mugava s\u00f5idu. Vabalt istuvad ja kerged p\u00fcksid tagavad maksimaalse liikuvuse ja paindlikuse.<\/span><\/p>\n<p><span style=\"font-weight: 400\">600D pol\u00fcester garanteerib tugevuse ja esilet\u00f5usva vastupidavuse. Ergonoomilisus ja pehme paindlikusega kaitse p\u00f5lvedes hoiab jalgu turvaliselt ja reguleeritav v\u00f6\u00f6koht kindlustab mugava istuvuse.<\/span><\/p>\n","protected":false},"featured_media":249,"comment_status":"open","ping_status":"closed","template":"","meta":[],"class_list":["post-247","product","type-product","status-publish","has-post-thumbnail","hentry","product_cat-krossivarustus","product_cat-puksid","align-left","box-shadow-0","box-shadow-2-hover","ast-product-gallery-layout-horizontal","ast-product-tabs-layout-horizontal"],"yoast_head":"<!-- This site is optimized with the Yoast SEO plugin v14.9 - https:\/\/yoast.com\/wordpress\/plugins\/seo\/ -->\n<title>Fly Racer F-16 2020 P\u00fcksid - Vilcar Auto<\/title>\n<meta name=\"description\" content=\"Fly Racer F-16 2020 P\u00fcksid \u00fchendab k\u00f5ik vajaliku, mis kindlustab turvalise ja mugava s\u00f5idu. Vabalt istuvad ja kerged p\u00fcksid tagavad...\" \/>\n<meta name=\"robots\" content=\"index, follow, max-snippet:-1, max-image-preview:large, max-video-preview:-1\" \/>\n<link rel=\"canonical\" href=\"https:\/\/vilcar.ee\/pood\/tooted\/fly-racer-f-16-2020-puksid\/\" \/>\n<meta property=\"og:locale\" content=\"et_EE\" \/>\n<meta property=\"og:type\" content=\"article\" \/>\n<meta property=\"og:title\" content=\"Fly Racer F-16 2020 P\u00fcksid - Vilcar Auto\" \/>\n<meta property=\"og:description\" content=\"Fly Racer F-16 2020 P\u00fcksid \u00fchendab k\u00f5ik vajaliku, mis kindlustab turvalise ja mugava s\u00f5idu. Vabalt istuvad ja kerged p\u00fcksid tagavad...\" \/>\n<meta property=\"og:url\" content=\"https:\/\/vilcar.ee\/pood\/tooted\/fly-racer-f-16-2020-puksid\/\" \/>\n<meta property=\"og:site_name\" content=\"Vilcar Auto\" \/>\n<meta property=\"article:modified_time\" content=\"2020-09-13T17:32:48+00:00\" \/>\n<meta property=\"og:image\" content=\"https:\/\/vilcar.ee\/pood\/wp-content\/uploads\/2020\/09\/hall-oranz.jpg\" \/>\n\t<meta property=\"og:image:width\" content=\"900\" \/>\n\t<meta property=\"og:image:height\" content=\"900\" \/>\n<meta name=\"twitter:card\" content=\"summary_large_image\" \/>\n<script type=\"application\/ld+json\" class=\"yoast-schema-graph\">{\"@context\":\"https:\/\/schema.org\",\"@graph\":[{\"@type\":\"WebSite\",\"@id\":\"https:\/\/vilcar.ee\/pood\/#website\",\"url\":\"https:\/\/vilcar.ee\/pood\/\",\"name\":\"Vilcar Auto\",\"description\":\"veebipood\",\"potentialAction\":[{\"@type\":\"SearchAction\",\"target\":\"https:\/\/vilcar.ee\/pood\/?s={search_term_string}\",\"query-input\":\"required name=search_term_string\"}],\"inLanguage\":\"et\"},{\"@type\":\"ImageObject\",\"@id\":\"https:\/\/vilcar.ee\/pood\/tooted\/fly-racer-f-16-2020-puksid\/#primaryimage\",\"inLanguage\":\"et\",\"url\":\"https:\/\/vilcar.ee\/pood\/wp-content\/uploads\/2020\/09\/hall-oranz.jpg\",\"width\":900,\"height\":900,\"caption\":\"Fly Racer F-16 2020 P\\u00fcksid\"},{\"@type\":\"WebPage\",\"@id\":\"https:\/\/vilcar.ee\/pood\/tooted\/fly-racer-f-16-2020-puksid\/#webpage\",\"url\":\"https:\/\/vilcar.ee\/pood\/tooted\/fly-racer-f-16-2020-puksid\/\",\"name\":\"Fly Racer F-16 2020 P\\u00fcksid - Vilcar Auto\",\"isPartOf\":{\"@id\":\"https:\/\/vilcar.ee\/pood\/#website\"},\"primaryImageOfPage\":{\"@id\":\"https:\/\/vilcar.ee\/pood\/tooted\/fly-racer-f-16-2020-puksid\/#primaryimage\"},\"datePublished\":\"2020-09-10T10:59:23+00:00\",\"dateModified\":\"2020-09-13T17:32:48+00:00\",\"description\":\"Fly Racer F-16 2020 P\\u00fcksid \\u00fchendab k\\u00f5ik vajaliku, mis kindlustab turvalise ja mugava s\\u00f5idu. Vabalt istuvad ja kerged p\\u00fcksid tagavad...\",\"inLanguage\":\"et\",\"potentialAction\":[{\"@type\":\"ReadAction\",\"target\":[\"https:\/\/vilcar.ee\/pood\/tooted\/fly-racer-f-16-2020-puksid\/\"]}]}]}<\/script>\n<!-- \/ Yoast SEO plugin. -->","_links":{"self":[{"href":"https:\/\/vilcar.ee\/pood\/wp-json\/wp\/v2\/product\/247","targetHints":{"allow":["GET"]}}],"collection":[{"href":"https:\/\/vilcar.ee\/pood\/wp-json\/wp\/v2\/product"}],"about":[{"href":"https:\/\/vilcar.ee\/pood\/wp-json\/wp\/v2\/types\/product"}],"replies":[{"embeddable":true,"href":"https:\/\/vilcar.ee\/pood\/wp-json\/wp\/v2\/comments?post=247"}],"wp:featuredmedia":[{"embeddable":true,"href":"https:\/\/vilcar.ee\/pood\/wp-json\/wp\/v2\/media\/249"}],"wp:attachment":[{"href":"https:\/\/vilcar.ee\/pood\/wp-json\/wp\/v2\/media?parent=247"}],"curies":[{"name":"wp","href":"https:\/\/api.w.org\/{rel}","templated":true}]}}