{"id":244,"date":"2020-09-10T10:32:19","date_gmt":"2020-09-10T10:32:19","guid":{"rendered":"https:\/\/vilcar.ee\/pood\/?post_type=product&#038;p=244"},"modified":"2020-09-10T10:37:28","modified_gmt":"2020-09-10T10:37:28","slug":"alpinestars-fluid-graphite-sark","status":"publish","type":"product","link":"https:\/\/vilcar.ee\/pood\/tooted\/alpinestars-fluid-graphite-sark\/","title":{"rendered":"Alpinestars Fluid Graphite S\u00e4rk"},"content":{"rendered":"","protected":false},"excerpt":{"rendered":"<p><span style=\"font-weight: 400\">Arendatud <\/span><span style=\"font-weight: 400\">kergest niiskust h\u00fclgavast materjalist, ei vea see s\u00e4rk teid rajal alt. S\u00e4rk on tehtud tagant pikemaks, mis mahuks ilusti p\u00fckstesse ja tagaks maksimaalse kattuvuse. Mugavust lisab sissel\u00f5igatud spordikrae. <\/span><\/p>\n","protected":false},"featured_media":245,"comment_status":"open","ping_status":"closed","template":"","meta":[],"class_list":["post-244","product","type-product","status-publish","has-post-thumbnail","hentry","product_cat-krossivarustus","product_cat-sargid","align-left","box-shadow-0","box-shadow-2-hover","ast-product-gallery-layout-horizontal","ast-product-gallery-with-no-image","ast-product-tabs-layout-horizontal"],"yoast_head":"<!-- This site is optimized with the Yoast SEO plugin v14.9 - https:\/\/yoast.com\/wordpress\/plugins\/seo\/ -->\n<title>Alpinestars Fluid Graphite S\u00e4rk - Vilcar Auto<\/title>\n<meta name=\"description\" content=\"Alpinestars Fluid Graphite S\u00e4rk. Arendatud kergest niiskust h\u00fclgavast materjalist, ei vea see s\u00e4rk teid rajal alt.\" \/>\n<meta name=\"robots\" content=\"index, follow, max-snippet:-1, max-image-preview:large, max-video-preview:-1\" \/>\n<link rel=\"canonical\" href=\"https:\/\/vilcar.ee\/pood\/tooted\/alpinestars-fluid-graphite-sark\/\" \/>\n<meta property=\"og:locale\" content=\"et_EE\" \/>\n<meta property=\"og:type\" content=\"article\" \/>\n<meta property=\"og:title\" content=\"Alpinestars Fluid Graphite S\u00e4rk - Vilcar Auto\" \/>\n<meta property=\"og:description\" content=\"Alpinestars Fluid Graphite S\u00e4rk. Arendatud kergest niiskust h\u00fclgavast materjalist, ei vea see s\u00e4rk teid rajal alt.\" \/>\n<meta property=\"og:url\" content=\"https:\/\/vilcar.ee\/pood\/tooted\/alpinestars-fluid-graphite-sark\/\" \/>\n<meta property=\"og:site_name\" content=\"Vilcar Auto\" \/>\n<meta property=\"article:modified_time\" content=\"2020-09-10T10:37:28+00:00\" \/>\n<meta property=\"og:image\" content=\"https:\/\/vilcar.ee\/pood\/wp-content\/uploads\/2020\/09\/Graphite-Fluid.jpg\" \/>\n\t<meta property=\"og:image:width\" content=\"800\" \/>\n\t<meta property=\"og:image:height\" content=\"800\" \/>\n<meta name=\"twitter:card\" content=\"summary_large_image\" \/>\n<script type=\"application\/ld+json\" class=\"yoast-schema-graph\">{\"@context\":\"https:\/\/schema.org\",\"@graph\":[{\"@type\":\"WebSite\",\"@id\":\"https:\/\/vilcar.ee\/pood\/#website\",\"url\":\"https:\/\/vilcar.ee\/pood\/\",\"name\":\"Vilcar Auto\",\"description\":\"veebipood\",\"potentialAction\":[{\"@type\":\"SearchAction\",\"target\":\"https:\/\/vilcar.ee\/pood\/?s={search_term_string}\",\"query-input\":\"required name=search_term_string\"}],\"inLanguage\":\"et\"},{\"@type\":\"ImageObject\",\"@id\":\"https:\/\/vilcar.ee\/pood\/tooted\/alpinestars-fluid-graphite-sark\/#primaryimage\",\"inLanguage\":\"et\",\"url\":\"https:\/\/vilcar.ee\/pood\/wp-content\/uploads\/2020\/09\/Graphite-Fluid.jpg\",\"width\":800,\"height\":800,\"caption\":\"Alpinestars Fluid Graphite S\\u00e4rk\"},{\"@type\":\"WebPage\",\"@id\":\"https:\/\/vilcar.ee\/pood\/tooted\/alpinestars-fluid-graphite-sark\/#webpage\",\"url\":\"https:\/\/vilcar.ee\/pood\/tooted\/alpinestars-fluid-graphite-sark\/\",\"name\":\"Alpinestars Fluid Graphite S\\u00e4rk - Vilcar Auto\",\"isPartOf\":{\"@id\":\"https:\/\/vilcar.ee\/pood\/#website\"},\"primaryImageOfPage\":{\"@id\":\"https:\/\/vilcar.ee\/pood\/tooted\/alpinestars-fluid-graphite-sark\/#primaryimage\"},\"datePublished\":\"2020-09-10T10:32:19+00:00\",\"dateModified\":\"2020-09-10T10:37:28+00:00\",\"description\":\"Alpinestars Fluid Graphite S\\u00e4rk. Arendatud kergest niiskust h\\u00fclgavast materjalist, ei vea see s\\u00e4rk teid rajal alt.\",\"inLanguage\":\"et\",\"potentialAction\":[{\"@type\":\"ReadAction\",\"target\":[\"https:\/\/vilcar.ee\/pood\/tooted\/alpinestars-fluid-graphite-sark\/\"]}]}]}<\/script>\n<!-- \/ Yoast SEO plugin. -->","_links":{"self":[{"href":"https:\/\/vilcar.ee\/pood\/wp-json\/wp\/v2\/product\/244","targetHints":{"allow":["GET"]}}],"collection":[{"href":"https:\/\/vilcar.ee\/pood\/wp-json\/wp\/v2\/product"}],"about":[{"href":"https:\/\/vilcar.ee\/pood\/wp-json\/wp\/v2\/types\/product"}],"replies":[{"embeddable":true,"href":"https:\/\/vilcar.ee\/pood\/wp-json\/wp\/v2\/comments?post=244"}],"wp:featuredmedia":[{"embeddable":true,"href":"https:\/\/vilcar.ee\/pood\/wp-json\/wp\/v2\/media\/245"}],"wp:attachment":[{"href":"https:\/\/vilcar.ee\/pood\/wp-json\/wp\/v2\/media?parent=244"}],"curies":[{"name":"wp","href":"https:\/\/api.w.org\/{rel}","templated":true}]}}