{"id":194,"date":"2020-09-08T10:23:15","date_gmt":"2020-09-08T10:23:15","guid":{"rendered":"https:\/\/vilcar.ee\/pood\/?post_type=product&#038;p=194"},"modified":"2020-09-13T19:43:00","modified_gmt":"2020-09-13T19:43:00","slug":"fly-racing-f-16-2021-kindad","status":"publish","type":"product","link":"https:\/\/vilcar.ee\/pood\/tooted\/fly-racing-f-16-2021-kindad\/","title":{"rendered":"Fly Racing F-16 2021 Kindad"},"content":{"rendered":"","protected":false},"excerpt":{"rendered":"<p><span style=\"font-weight: 400\">Minimalistlik, piiramatu kaitse ja haardega kinnas, mis ei vea sind kunagi alt. Kaitsev ja mugava istuvusega, mis sobib ideaalselt igale s\u00f5idustiilile.<\/span><\/p>\n<p><span style=\"font-weight: 400\">Kinnas on disainitud perforeeritud neopreeniga, mis tagab mugavuse ja \u00f5huliikuvuse. Pehme ja paindlik kinnas, mida on lihtne k\u00e4tte t\u00f5mmata ja hiljem \u00e4ra v\u00f5tta. S\u00f5rmeotsi katab silikoon, et tagada maksimaalne haarduvus s\u00f5ites. <\/span><\/p>\n","protected":false},"featured_media":192,"comment_status":"open","ping_status":"closed","template":"","meta":[],"class_list":["post-194","product","type-product","status-publish","has-post-thumbnail","hentry","product_cat-kindad","product_cat-krossivarustus","align-left","box-shadow-0","box-shadow-2-hover","ast-product-gallery-layout-horizontal","ast-product-gallery-with-no-image","ast-product-tabs-layout-horizontal"],"yoast_head":"<!-- This site is optimized with the Yoast SEO plugin v14.9 - https:\/\/yoast.com\/wordpress\/plugins\/seo\/ -->\n<title>Fly Racing F-16 2021 Kindad - Vilcar Auto<\/title>\n<meta name=\"description\" content=\"Fly Racing F-16 2021 Kindad. Minimalistlik, piiramatu kaitse ja haardega kinnas, mis ei vea sind kunagi alt.\" \/>\n<meta name=\"robots\" content=\"index, follow, max-snippet:-1, max-image-preview:large, max-video-preview:-1\" \/>\n<link rel=\"canonical\" href=\"https:\/\/vilcar.ee\/pood\/tooted\/fly-racing-f-16-2021-kindad\/\" \/>\n<meta property=\"og:locale\" content=\"et_EE\" \/>\n<meta property=\"og:type\" content=\"article\" \/>\n<meta property=\"og:title\" content=\"Fly Racing F-16 2021 Kindad - Vilcar Auto\" \/>\n<meta property=\"og:description\" content=\"Fly Racing F-16 2021 Kindad. Minimalistlik, piiramatu kaitse ja haardega kinnas, mis ei vea sind kunagi alt.\" \/>\n<meta property=\"og:url\" content=\"https:\/\/vilcar.ee\/pood\/tooted\/fly-racing-f-16-2021-kindad\/\" \/>\n<meta property=\"og:site_name\" content=\"Vilcar Auto\" \/>\n<meta property=\"article:modified_time\" content=\"2020-09-13T19:43:00+00:00\" \/>\n<meta property=\"og:image\" content=\"https:\/\/vilcar.ee\/pood\/wp-content\/uploads\/2020\/09\/Must.jpg\" \/>\n\t<meta property=\"og:image:width\" content=\"600\" \/>\n\t<meta property=\"og:image:height\" content=\"600\" \/>\n<meta name=\"twitter:card\" content=\"summary_large_image\" \/>\n<script type=\"application\/ld+json\" class=\"yoast-schema-graph\">{\"@context\":\"https:\/\/schema.org\",\"@graph\":[{\"@type\":\"WebSite\",\"@id\":\"https:\/\/vilcar.ee\/pood\/#website\",\"url\":\"https:\/\/vilcar.ee\/pood\/\",\"name\":\"Vilcar Auto\",\"description\":\"veebipood\",\"potentialAction\":[{\"@type\":\"SearchAction\",\"target\":\"https:\/\/vilcar.ee\/pood\/?s={search_term_string}\",\"query-input\":\"required name=search_term_string\"}],\"inLanguage\":\"et\"},{\"@type\":\"ImageObject\",\"@id\":\"https:\/\/vilcar.ee\/pood\/tooted\/fly-racing-f-16-2021-kindad\/#primaryimage\",\"inLanguage\":\"et\",\"url\":\"https:\/\/vilcar.ee\/pood\/wp-content\/uploads\/2020\/09\/Must.jpg\",\"width\":600,\"height\":600,\"caption\":\"Fly Racing F-16 2021 Kindad\"},{\"@type\":\"WebPage\",\"@id\":\"https:\/\/vilcar.ee\/pood\/tooted\/fly-racing-f-16-2021-kindad\/#webpage\",\"url\":\"https:\/\/vilcar.ee\/pood\/tooted\/fly-racing-f-16-2021-kindad\/\",\"name\":\"Fly Racing F-16 2021 Kindad - Vilcar Auto\",\"isPartOf\":{\"@id\":\"https:\/\/vilcar.ee\/pood\/#website\"},\"primaryImageOfPage\":{\"@id\":\"https:\/\/vilcar.ee\/pood\/tooted\/fly-racing-f-16-2021-kindad\/#primaryimage\"},\"datePublished\":\"2020-09-08T10:23:15+00:00\",\"dateModified\":\"2020-09-13T19:43:00+00:00\",\"description\":\"Fly Racing F-16 2021 Kindad. Minimalistlik, piiramatu kaitse ja haardega kinnas, mis ei vea sind kunagi alt.\",\"inLanguage\":\"et\",\"potentialAction\":[{\"@type\":\"ReadAction\",\"target\":[\"https:\/\/vilcar.ee\/pood\/tooted\/fly-racing-f-16-2021-kindad\/\"]}]}]}<\/script>\n<!-- \/ Yoast SEO plugin. -->","_links":{"self":[{"href":"https:\/\/vilcar.ee\/pood\/wp-json\/wp\/v2\/product\/194","targetHints":{"allow":["GET"]}}],"collection":[{"href":"https:\/\/vilcar.ee\/pood\/wp-json\/wp\/v2\/product"}],"about":[{"href":"https:\/\/vilcar.ee\/pood\/wp-json\/wp\/v2\/types\/product"}],"replies":[{"embeddable":true,"href":"https:\/\/vilcar.ee\/pood\/wp-json\/wp\/v2\/comments?post=194"}],"wp:featuredmedia":[{"embeddable":true,"href":"https:\/\/vilcar.ee\/pood\/wp-json\/wp\/v2\/media\/192"}],"wp:attachment":[{"href":"https:\/\/vilcar.ee\/pood\/wp-json\/wp\/v2\/media?parent=194"}],"curies":[{"name":"wp","href":"https:\/\/api.w.org\/{rel}","templated":true}]}}