{"id":186,"date":"2020-09-08T08:01:18","date_gmt":"2020-09-08T08:01:18","guid":{"rendered":"https:\/\/vilcar.ee\/pood\/?post_type=product&#038;p=186"},"modified":"2020-09-08T14:16:27","modified_gmt":"2020-09-08T14:16:27","slug":"alpinestars-loose-premium-t-sark","status":"publish","type":"product","link":"https:\/\/vilcar.ee\/pood\/tooted\/alpinestars-loose-premium-t-sark\/","title":{"rendered":"Alpinestars Loose Premium t-s\u00e4rk"},"content":{"rendered":"","protected":false},"excerpt":{"rendered":"<p>O-kaelusega premium t-s\u00e4rk.<br \/>\nK\u00e4sitsi kirjutatud Alpinestars graafika.<br \/>\nPehme veebaasil tr\u00fckk.<\/p>\n","protected":false},"featured_media":187,"comment_status":"open","ping_status":"closed","template":"","meta":[],"class_list":["post-186","product","type-product","status-publish","has-post-thumbnail","hentry","product_cat-riided","product_cat-sargid","align-left","box-shadow-0","box-shadow-2-hover","ast-product-gallery-layout-horizontal","ast-product-gallery-with-no-image","ast-product-tabs-layout-horizontal"],"yoast_head":"<!-- This site is optimized with the Yoast SEO plugin v14.9 - https:\/\/yoast.com\/wordpress\/plugins\/seo\/ -->\n<title>Alpinestars Loose Premium t-s\u00e4rk - Vilcar Auto<\/title>\n<meta name=\"description\" content=\"Alpinestars Loose Premium t-s\u00e4rk. O-kaelusega premium t-s\u00e4rk. K\u00e4sitsi kirjutatud Alpinestars graafika. Pehme veebaasil tr\u00fckk.\" \/>\n<meta name=\"robots\" content=\"index, follow, max-snippet:-1, max-image-preview:large, max-video-preview:-1\" \/>\n<link rel=\"canonical\" href=\"https:\/\/vilcar.ee\/pood\/tooted\/alpinestars-loose-premium-t-sark\/\" \/>\n<meta property=\"og:locale\" content=\"et_EE\" \/>\n<meta property=\"og:type\" content=\"article\" \/>\n<meta property=\"og:title\" content=\"Alpinestars Loose Premium t-s\u00e4rk - Vilcar Auto\" \/>\n<meta property=\"og:description\" content=\"Alpinestars Loose Premium t-s\u00e4rk. O-kaelusega premium t-s\u00e4rk. K\u00e4sitsi kirjutatud Alpinestars graafika. Pehme veebaasil tr\u00fckk.\" \/>\n<meta property=\"og:url\" content=\"https:\/\/vilcar.ee\/pood\/tooted\/alpinestars-loose-premium-t-sark\/\" \/>\n<meta property=\"og:site_name\" content=\"Vilcar Auto\" \/>\n<meta property=\"article:modified_time\" content=\"2020-09-08T14:16:27+00:00\" \/>\n<meta property=\"og:image\" content=\"https:\/\/vilcar.ee\/pood\/wp-content\/uploads\/2020\/09\/alpinestars-loose-premium-1.jpg\" \/>\n\t<meta property=\"og:image:width\" content=\"800\" \/>\n\t<meta property=\"og:image:height\" content=\"800\" \/>\n<meta name=\"twitter:card\" content=\"summary_large_image\" \/>\n<script type=\"application\/ld+json\" class=\"yoast-schema-graph\">{\"@context\":\"https:\/\/schema.org\",\"@graph\":[{\"@type\":\"WebSite\",\"@id\":\"https:\/\/vilcar.ee\/pood\/#website\",\"url\":\"https:\/\/vilcar.ee\/pood\/\",\"name\":\"Vilcar Auto\",\"description\":\"veebipood\",\"potentialAction\":[{\"@type\":\"SearchAction\",\"target\":\"https:\/\/vilcar.ee\/pood\/?s={search_term_string}\",\"query-input\":\"required name=search_term_string\"}],\"inLanguage\":\"et\"},{\"@type\":\"ImageObject\",\"@id\":\"https:\/\/vilcar.ee\/pood\/tooted\/alpinestars-loose-premium-t-sark\/#primaryimage\",\"inLanguage\":\"et\",\"url\":\"https:\/\/vilcar.ee\/pood\/wp-content\/uploads\/2020\/09\/alpinestars-loose-premium-1.jpg\",\"width\":800,\"height\":800,\"caption\":\"Alpinestars Loose Premium t-s\\u00e4rk\"},{\"@type\":\"WebPage\",\"@id\":\"https:\/\/vilcar.ee\/pood\/tooted\/alpinestars-loose-premium-t-sark\/#webpage\",\"url\":\"https:\/\/vilcar.ee\/pood\/tooted\/alpinestars-loose-premium-t-sark\/\",\"name\":\"Alpinestars Loose Premium t-s\\u00e4rk - Vilcar Auto\",\"isPartOf\":{\"@id\":\"https:\/\/vilcar.ee\/pood\/#website\"},\"primaryImageOfPage\":{\"@id\":\"https:\/\/vilcar.ee\/pood\/tooted\/alpinestars-loose-premium-t-sark\/#primaryimage\"},\"datePublished\":\"2020-09-08T08:01:18+00:00\",\"dateModified\":\"2020-09-08T14:16:27+00:00\",\"description\":\"Alpinestars Loose Premium t-s\\u00e4rk. O-kaelusega premium t-s\\u00e4rk. K\\u00e4sitsi kirjutatud Alpinestars graafika. Pehme veebaasil tr\\u00fckk.\",\"inLanguage\":\"et\",\"potentialAction\":[{\"@type\":\"ReadAction\",\"target\":[\"https:\/\/vilcar.ee\/pood\/tooted\/alpinestars-loose-premium-t-sark\/\"]}]}]}<\/script>\n<!-- \/ Yoast SEO plugin. -->","_links":{"self":[{"href":"https:\/\/vilcar.ee\/pood\/wp-json\/wp\/v2\/product\/186","targetHints":{"allow":["GET"]}}],"collection":[{"href":"https:\/\/vilcar.ee\/pood\/wp-json\/wp\/v2\/product"}],"about":[{"href":"https:\/\/vilcar.ee\/pood\/wp-json\/wp\/v2\/types\/product"}],"replies":[{"embeddable":true,"href":"https:\/\/vilcar.ee\/pood\/wp-json\/wp\/v2\/comments?post=186"}],"wp:featuredmedia":[{"embeddable":true,"href":"https:\/\/vilcar.ee\/pood\/wp-json\/wp\/v2\/media\/187"}],"wp:attachment":[{"href":"https:\/\/vilcar.ee\/pood\/wp-json\/wp\/v2\/media?parent=186"}],"curies":[{"name":"wp","href":"https:\/\/api.w.org\/{rel}","templated":true}]}}